{"id":891,"date":"2020-04-17T09:48:19","date_gmt":"2020-04-17T07:48:19","guid":{"rendered":"https:\/\/www.thy-marcinelle.com\/engagement\/qualite\/certifications\/"},"modified":"2025-06-19T10:36:30","modified_gmt":"2025-06-19T08:36:30","slug":"certifications","status":"publish","type":"page","link":"https:\/\/www.thy-marcinelle.com\/en\/responsibility\/quality\/certifications\/","title":{"rendered":"Certifications"},"content":{"rendered":"<div class=\"wpb-content-wrapper\"><p>[vc_row css=&#8221;.vc_custom_1589972647336{margin-bottom: 100px !important;}&#8221;][vc_column][vc_column_text]<\/p>\n<h2>Thy-Marcinelle S.A.<\/h2>\n<p>[\/vc_column_text][vc_column_text]Quality is a core value within Thy-Marcinelle. We have been certified according to ISO 9001 since 2003 and have been pursuing a policy of continuous improvement for more than ten years[\/vc_column_text][vc_accordion active_tab=&#8221;1&#8243; title_size=&#8221;h3&#8243; style=&#8221;2&#8243;][vc_accordion_tab title=&#8221;System certificates&#8221;][vc_column_text css=&#8221;&#8221;]<\/p>\n<h4>Quality Management System in compliance with BS EN ISO 9001:2015<\/h4>\n<p><a href=\"https:\/\/www.thy-marcinelle.com\/wp-content\/uploads\/2025\/06\/CARES-EN-_-depuis-2003.pdf\" target=\"_blank\" rel=\"noopener noreferrer\">CARES: EN \u2013 since 2003<\/a><\/p>\n<p><a href=\"https:\/\/www.thy-marcinelle.com\/wp-content\/uploads\/2024\/05\/FOR-REA-05a_Thy_ISO9001_Qualite.pdf\" target=\"_blank\" rel=\"noopener noreferrer\">Galio &amp; Partners : since 2024<\/a>[\/vc_column_text][\/vc_accordion_tab][vc_accordion_tab title=&#8221;Product certificates&#8221;][vc_column_text css=&#8221;&#8221;]<\/p>\n<h4>Production of concrete reinforcing steel products<\/h4>\n<p><a href=\"https:\/\/www.thy-marcinelle.com\/wp-content\/uploads\/2025\/06\/AFCAB-FR-_-Thygrip-500-TS-_-B500B-_-BE500TS-_-NF-A-35-080-1.pdf\">AFCAB: FR \u2013 Thygrip 500 TS \u2013 B500B \u2013 BE500TS \u2013 NF A 35-080-1<\/a><\/p>\n<p><a href=\"https:\/\/www.thy-marcinelle.com\/wp-content\/uploads\/2025\/06\/OCAB-NLFREN-_-Thygrip-500-TS-_-B500B-_-BE500TS-_-PTV-302303-NBN-A-24-301.pdf\" target=\"_blank\" rel=\"noopener noreferrer\">OCAB: NL\/FR\/EN \u2013 Thygrip 500 TS \u2013 B500B \u2013 BE500TS \u2013 PTV 302,303 NBN A 24-301<\/a><\/p>\n<p><a href=\"https:\/\/www.thy-marcinelle.com\/wp-content\/uploads\/2025\/06\/CARES-EN-_-Thygrip-500-TS-_-B500B-_-BE500TS-_-BS4449-BS4482.pdf\" target=\"_blank\" rel=\"noopener noreferrer\">CARES: EN \u2013 Thygrip 500 TS \u2013 B500B \u2013 BE500TS \u2013 BS4449 BS4482<\/a><\/p>\n<p><a href=\"https:\/\/www.thy-marcinelle.com\/wp-content\/uploads\/2021\/04\/Certificate-KOMO-B500B.pdf\" target=\"_blank\" rel=\"noopener noreferrer\">KOMO: EN \u2013 Thygrip 500 TS \u2013 B500B \u2013 BE500TS \u2013 BRL 0501<\/a><\/p>\n<p><a href=\"https:\/\/www.thy-marcinelle.com\/wp-content\/uploads\/2025\/06\/TUM-EN-_-Thygrip-500-TS-_-B500B-_-BE500TS-_-DIN488-1-DIN488-3.pdf\" target=\"_blank\" rel=\"noopener noreferrer\">T\u00dcM: EN \u2013 Thygrip 500 TS \u2013 B500B \u2013 BE500TS \u2013 DIN488-1 DIN488-3<\/a>[\/vc_column_text][vc_column_text css=&#8221;&#8221;]<\/p>\n<h4>Design and manufacture of welded mesh<\/h4>\n<p><a href=\"https:\/\/www.thy-marcinelle.com\/wp-content\/uploads\/2025\/06\/OCAB-NLFREN-_-B500A-_-DE500BS-_-PTV-304-NBN-A-24-301.pdf\">OCAB: NL\/FR\/EN \u2013 B500A \u2013 DE500BS \u2013 PTV 304 NBN A 24-301<\/a><\/p>\n<p><a href=\"https:\/\/www.thy-marcinelle.com\/wp-content\/uploads\/2020\/07\/ThyMarcinelle_Charleroi_KOMO_B500A_ENG.pdf\" target=\"_blank\" rel=\"noopener noreferrer\">KOMO: EN \u2013 B500A \u2013 DE500BS \u2013 NEN 6008 NEN-EN 13670 <\/a><\/p>\n<p><a href=\"https:\/\/www.thy-marcinelle.com\/wp-content\/uploads\/2025\/06\/AFCAB-FR-_-B500A-_-DE500BS-_-NF-A-35-080-2.pdf\">AFCAB: FR \u2013 B500A \u2013 DE500BS \u2013 NF A 35-080-2 <\/a><\/p>\n<p><a href=\"https:\/\/www.thy-marcinelle.com\/wp-content\/uploads\/2021\/08\/Zert2336-3-2021-THY-KM-e.pdf\" target=\"_blank\" rel=\"noopener noreferrer\">T\u00dcM: EN \u2013 B500A \u2013 DIN488-1 DIN488-4<\/a><\/p>\n<p><a href=\"https:\/\/www.thy-marcinelle.com\/wp-content\/uploads\/2025\/06\/CARES-EN-_-B500B-_-BE500TS-_-BS4449-BS4483.pdf\" target=\"_blank\" rel=\"noopener\">CARES: EN \u2013 B500B \u2013 BE500TS \u2013 BS4449 BS4483<\/a>[\/vc_column_text][\/vc_accordion_tab][\/vc_accordion][\/vc_column][\/vc_row][vc_row disable_element=&#8221;yes&#8221;][vc_column][vc_column_text]<\/p>\n<h2>Tr\u00e9fileries de Fontaine l&#8217;\u00c9v\u00eaque S.A.<\/h2>\n<p>[\/vc_column_text][vc_column_text]The quality of the welded mesh is continuously managed, controlled and mastered thanks to the site-based quality service based on modern and efficient equipment.[\/vc_column_text][vc_accordion active_tab=&#8221;1&#8243; title_size=&#8221;h3&#8243; style=&#8221;2&#8243;][vc_accordion_tab title=&#8221;Product certificates&#8221;][vc_column_text]<\/p>\n<h4>Production of electrically welded mesh according to NBN A 24-301 and 304<\/h4>\n<p><a href=\"https:\/\/www.thy-marcinelle.com\/wp-content\/uploads\/2020\/07\/ThyMarcinelle_TFE_FontainelEveque_OCAB_NBN_A_24_301_304.pdf\" target=\"_blank\" rel=\"noopener noreferrer\">OCAB: FR &#8211; since 1989<\/a>[\/vc_column_text][vc_column_text]<\/p>\n<h4>Production of concrete reinforcing steel products according to NF A 35-016<\/h4>\n<p><a href=\"https:\/\/www.thy-marcinelle.com\/wp-content\/uploads\/2020\/07\/ThyMarcinelle_TFE_FontainelEveque_AFCAB_NF_A_35_016.pdf\" target=\"_blank\" rel=\"noopener noreferrer\">AFCAB: FR &#8211; since 1986<\/a>[\/vc_column_text][vc_column_text]<\/p>\n<h4>Production of concrete reinforcing steel products according to NF A 35-024<\/h4>\n<p><a href=\"https:\/\/www.thy-marcinelle.com\/wp-content\/uploads\/2020\/07\/ThyMarcinelle_TFE_FontainelEveque_AFCAB_NF_A_35_024.pdf\" target=\"_blank\" rel=\"noopener noreferrer\">AFCAB: FR &#8211; since 1991<\/a>[\/vc_column_text][vc_column_text]<\/p>\n<h4>Production of concrete reinforcing steel products according to FeB 500 HKN<\/h4>\n<p><a href=\"https:\/\/www.thy-marcinelle.com\/wp-content\/uploads\/2020\/07\/ThyMarcinelle_TFE_FontainelEveque_KOMO.pdf\" target=\"_blank\" rel=\"noopener noreferrer\">KOMO: EN &#8211; since 1990<\/a>[\/vc_column_text][\/vc_accordion_tab][\/vc_accordion][\/vc_column][\/vc_row]<\/p>\n<\/div>","protected":false},"excerpt":{"rendered":"<p>[vc_row css=&#8221;.vc_custom_1589972647336{margin-bottom: 100px !important;}&#8221;][vc_column][vc_column_text] Thy-Marcinelle S.A. [\/vc_column_text][vc_column_text]Quality is a core value within Thy-Marcinelle. We have been certified according to ISO 9001 since 2003 and have been pursuing a policy of continuous improvement for more than ten years[\/vc_column_text][vc_accordion active_tab=&#8221;1&#8243; title_size=&#8221;h3&#8243; style=&#8221;2&#8243;][vc_accordion_tab title=&#8221;System certificates&#8221;][vc_column_text css=&#8221;&#8221;] Quality Management System in compliance with BS EN ISO 9001:2015 CARES: EN&hellip;<\/p>\n","protected":false},"author":5,"featured_media":0,"parent":804,"menu_order":0,"comment_status":"closed","ping_status":"closed","template":"","meta":{"footnotes":""},"class_list":["post-891","page","type-page","status-publish","hentry","description-off"],"yoast_head":"<!-- This site is optimized with the Yoast SEO plugin v27.4 - https:\/\/yoast.com\/product\/yoast-seo-wordpress\/ -->\n<title>Certifications - Thy-Marcinelle<\/title>\n<meta name=\"robots\" content=\"index, follow, max-snippet:-1, max-image-preview:large, max-video-preview:-1\" \/>\n<link rel=\"canonical\" href=\"https:\/\/www.thy-marcinelle.com\/en\/responsibility\/quality\/certifications\/\" \/>\n<meta property=\"og:locale\" content=\"en_US\" \/>\n<meta property=\"og:type\" content=\"article\" \/>\n<meta property=\"og:title\" content=\"Certifications - Thy-Marcinelle\" \/>\n<meta property=\"og:description\" content=\"[vc_row css=&#8221;.vc_custom_1589972647336{margin-bottom: 100px !important;}&#8221;][vc_column][vc_column_text] Thy-Marcinelle S.A. [\/vc_column_text][vc_column_text]Quality is a core value within Thy-Marcinelle. We have been certified according to ISO 9001 since 2003 and have been pursuing a policy of continuous improvement for more than ten years[\/vc_column_text][vc_accordion active_tab=&#8221;1&#8243; title_size=&#8221;h3&#8243; style=&#8221;2&#8243;][vc_accordion_tab title=&#8221;System certificates&#8221;][vc_column_text css=&#8221;&#8221;] Quality Management System in compliance with BS EN ISO 9001:2015 CARES: EN&hellip;\" \/>\n<meta property=\"og:url\" content=\"https:\/\/www.thy-marcinelle.com\/en\/responsibility\/quality\/certifications\/\" \/>\n<meta property=\"og:site_name\" content=\"Thy-Marcinelle\" \/>\n<meta property=\"article:modified_time\" content=\"2025-06-19T08:36:30+00:00\" \/>\n<meta name=\"twitter:card\" content=\"summary_large_image\" \/>\n<meta name=\"twitter:label1\" content=\"Est. reading time\" \/>\n\t<meta name=\"twitter:data1\" content=\"2 minutes\" \/>\n<script type=\"application\/ld+json\" class=\"yoast-schema-graph\">{\"@context\":\"https:\\\/\\\/schema.org\",\"@graph\":[{\"@type\":\"WebPage\",\"@id\":\"https:\\\/\\\/www.thy-marcinelle.com\\\/en\\\/responsibility\\\/quality\\\/certifications\\\/\",\"url\":\"https:\\\/\\\/www.thy-marcinelle.com\\\/en\\\/responsibility\\\/quality\\\/certifications\\\/\",\"name\":\"Certifications - Thy-Marcinelle\",\"isPartOf\":{\"@id\":\"https:\\\/\\\/www.thy-marcinelle.com\\\/#website\"},\"datePublished\":\"2020-04-17T07:48:19+00:00\",\"dateModified\":\"2025-06-19T08:36:30+00:00\",\"breadcrumb\":{\"@id\":\"https:\\\/\\\/www.thy-marcinelle.com\\\/en\\\/responsibility\\\/quality\\\/certifications\\\/#breadcrumb\"},\"inLanguage\":\"en-US\",\"potentialAction\":[{\"@type\":\"ReadAction\",\"target\":[\"https:\\\/\\\/www.thy-marcinelle.com\\\/en\\\/responsibility\\\/quality\\\/certifications\\\/\"]}]},{\"@type\":\"BreadcrumbList\",\"@id\":\"https:\\\/\\\/www.thy-marcinelle.com\\\/en\\\/responsibility\\\/quality\\\/certifications\\\/#breadcrumb\",\"itemListElement\":[{\"@type\":\"ListItem\",\"position\":1,\"name\":\"Home\",\"item\":\"https:\\\/\\\/www.thy-marcinelle.com\\\/en\\\/\"},{\"@type\":\"ListItem\",\"position\":2,\"name\":\"Responsibility\",\"item\":\"https:\\\/\\\/www.thy-marcinelle.com\\\/en\\\/responsibility\\\/\"},{\"@type\":\"ListItem\",\"position\":3,\"name\":\"Quality\",\"item\":\"https:\\\/\\\/www.thy-marcinelle.com\\\/en\\\/responsibility\\\/quality\\\/\"},{\"@type\":\"ListItem\",\"position\":4,\"name\":\"Certifications\"}]},{\"@type\":\"WebSite\",\"@id\":\"https:\\\/\\\/www.thy-marcinelle.com\\\/#website\",\"url\":\"https:\\\/\\\/www.thy-marcinelle.com\\\/\",\"name\":\"Thy-Marcinelle\",\"description\":\"Groupe RIVA\",\"potentialAction\":[{\"@type\":\"SearchAction\",\"target\":{\"@type\":\"EntryPoint\",\"urlTemplate\":\"https:\\\/\\\/www.thy-marcinelle.com\\\/?s={search_term_string}\"},\"query-input\":{\"@type\":\"PropertyValueSpecification\",\"valueRequired\":true,\"valueName\":\"search_term_string\"}}],\"inLanguage\":\"en-US\"}]}<\/script>\n<!-- \/ Yoast SEO plugin. -->","yoast_head_json":{"title":"Certifications - Thy-Marcinelle","robots":{"index":"index","follow":"follow","max-snippet":"max-snippet:-1","max-image-preview":"max-image-preview:large","max-video-preview":"max-video-preview:-1"},"canonical":"https:\/\/www.thy-marcinelle.com\/en\/responsibility\/quality\/certifications\/","og_locale":"en_US","og_type":"article","og_title":"Certifications - Thy-Marcinelle","og_description":"[vc_row css=&#8221;.vc_custom_1589972647336{margin-bottom: 100px !important;}&#8221;][vc_column][vc_column_text] Thy-Marcinelle S.A. [\/vc_column_text][vc_column_text]Quality is a core value within Thy-Marcinelle. We have been certified according to ISO 9001 since 2003 and have been pursuing a policy of continuous improvement for more than ten years[\/vc_column_text][vc_accordion active_tab=&#8221;1&#8243; title_size=&#8221;h3&#8243; style=&#8221;2&#8243;][vc_accordion_tab title=&#8221;System certificates&#8221;][vc_column_text css=&#8221;&#8221;] Quality Management System in compliance with BS EN ISO 9001:2015 CARES: EN&hellip;","og_url":"https:\/\/www.thy-marcinelle.com\/en\/responsibility\/quality\/certifications\/","og_site_name":"Thy-Marcinelle","article_modified_time":"2025-06-19T08:36:30+00:00","twitter_card":"summary_large_image","twitter_misc":{"Est. reading time":"2 minutes"},"schema":{"@context":"https:\/\/schema.org","@graph":[{"@type":"WebPage","@id":"https:\/\/www.thy-marcinelle.com\/en\/responsibility\/quality\/certifications\/","url":"https:\/\/www.thy-marcinelle.com\/en\/responsibility\/quality\/certifications\/","name":"Certifications - Thy-Marcinelle","isPartOf":{"@id":"https:\/\/www.thy-marcinelle.com\/#website"},"datePublished":"2020-04-17T07:48:19+00:00","dateModified":"2025-06-19T08:36:30+00:00","breadcrumb":{"@id":"https:\/\/www.thy-marcinelle.com\/en\/responsibility\/quality\/certifications\/#breadcrumb"},"inLanguage":"en-US","potentialAction":[{"@type":"ReadAction","target":["https:\/\/www.thy-marcinelle.com\/en\/responsibility\/quality\/certifications\/"]}]},{"@type":"BreadcrumbList","@id":"https:\/\/www.thy-marcinelle.com\/en\/responsibility\/quality\/certifications\/#breadcrumb","itemListElement":[{"@type":"ListItem","position":1,"name":"Home","item":"https:\/\/www.thy-marcinelle.com\/en\/"},{"@type":"ListItem","position":2,"name":"Responsibility","item":"https:\/\/www.thy-marcinelle.com\/en\/responsibility\/"},{"@type":"ListItem","position":3,"name":"Quality","item":"https:\/\/www.thy-marcinelle.com\/en\/responsibility\/quality\/"},{"@type":"ListItem","position":4,"name":"Certifications"}]},{"@type":"WebSite","@id":"https:\/\/www.thy-marcinelle.com\/#website","url":"https:\/\/www.thy-marcinelle.com\/","name":"Thy-Marcinelle","description":"Groupe RIVA","potentialAction":[{"@type":"SearchAction","target":{"@type":"EntryPoint","urlTemplate":"https:\/\/www.thy-marcinelle.com\/?s={search_term_string}"},"query-input":{"@type":"PropertyValueSpecification","valueRequired":true,"valueName":"search_term_string"}}],"inLanguage":"en-US"}]}},"_links":{"self":[{"href":"https:\/\/www.thy-marcinelle.com\/en\/wp-json\/wp\/v2\/pages\/891","targetHints":{"allow":["GET"]}}],"collection":[{"href":"https:\/\/www.thy-marcinelle.com\/en\/wp-json\/wp\/v2\/pages"}],"about":[{"href":"https:\/\/www.thy-marcinelle.com\/en\/wp-json\/wp\/v2\/types\/page"}],"author":[{"embeddable":true,"href":"https:\/\/www.thy-marcinelle.com\/en\/wp-json\/wp\/v2\/users\/5"}],"replies":[{"embeddable":true,"href":"https:\/\/www.thy-marcinelle.com\/en\/wp-json\/wp\/v2\/comments?post=891"}],"version-history":[{"count":17,"href":"https:\/\/www.thy-marcinelle.com\/en\/wp-json\/wp\/v2\/pages\/891\/revisions"}],"predecessor-version":[{"id":4885,"href":"https:\/\/www.thy-marcinelle.com\/en\/wp-json\/wp\/v2\/pages\/891\/revisions\/4885"}],"up":[{"embeddable":true,"href":"https:\/\/www.thy-marcinelle.com\/en\/wp-json\/wp\/v2\/pages\/804"}],"wp:attachment":[{"href":"https:\/\/www.thy-marcinelle.com\/en\/wp-json\/wp\/v2\/media?parent=891"}],"curies":[{"name":"wp","href":"https:\/\/api.w.org\/{rel}","templated":true}]}}