{"id":908,"date":"2020-04-17T09:48:19","date_gmt":"2020-04-17T07:48:19","guid":{"rendered":"https:\/\/www.thy-marcinelle.com\/certifications\/"},"modified":"2025-06-19T10:36:23","modified_gmt":"2025-06-19T08:36:23","slug":"certificeringen","status":"publish","type":"page","link":"https:\/\/www.thy-marcinelle.com\/nl\/verantwoordelijkheid\/kwaliteit\/certificeringen\/","title":{"rendered":"Certificeringen"},"content":{"rendered":"<div class=\"wpb-content-wrapper\"><p>[vc_row css=&#8221;.vc_custom_1589972647336{margin-bottom: 100px !important;}&#8221;][vc_column][vc_column_text css=&#8221;&#8221;]<\/p>\n<h2>Thy-Marcinelle S.A.<\/h2>\n<p>Sinds 2003 heeft Thy Marcinelle een kwaliteitsmanagementsysteem ge\u00efmplementeerd dat gebaseerd is op de ISO 9001-norm. Dit wordt ondersteund door de menselijke en technische middelen die worden ingezet om de constante kwaliteit van onze producten te garanderen.[\/vc_column_text][vc_accordion active_tab=&#8221;1&#8243; title_size=&#8221;h3&#8243; style=&#8221;2&#8243;][vc_accordion_tab title=&#8221;Beheersysteem&#8221;][vc_column_text css=&#8221;&#8221;]<\/p>\n<h4>Kwaliteitsmanagementsysteem volgens BS EN ISO 9001:2015<\/h4>\n<p><a href=\"https:\/\/www.thy-marcinelle.com\/wp-content\/uploads\/2025\/06\/CARES-EN-_-depuis-2003.pdf\" target=\"_blank\" rel=\"noopener noreferrer\">CARES: EN \u2013 sinds 2003<\/a><\/p>\n<p><a href=\"https:\/\/www.thy-marcinelle.com\/wp-content\/uploads\/2024\/05\/FOR-REA-05a_Thy_ISO9001_Qualite.pdf\" target=\"_blank\" rel=\"noopener noreferrer\">Galio &amp; Partners : sinds 2024<\/a>[\/vc_column_text][\/vc_accordion_tab][vc_accordion_tab title=&#8221;Producten&#8221;][vc_column_text css=&#8221;&#8221;]<\/p>\n<h4>Vervaardiging van staal voor gewapend beton<\/h4>\n<p><a href=\"https:\/\/www.thy-marcinelle.com\/wp-content\/uploads\/2025\/06\/AFCAB-FR-_-Thygrip-500-TS-_-B500B-_-BE500TS-_-NF-A-35-080-1.pdf\">AFCAB: FR \u2013 Thygrip 500 TS \u2013 B500B \u2013 BE500TS \u2013 NF A 35-080-1<\/a><\/p>\n<p><a href=\"https:\/\/www.thy-marcinelle.com\/wp-content\/uploads\/2025\/06\/OCAB-NLFREN-_-Thygrip-500-TS-_-B500B-_-BE500TS-_-PTV-302303-NBN-A-24-301.pdf\" target=\"_blank\" rel=\"noopener noreferrer\">OCAB: NL\/FR\/EN \u2013 Thygrip 500 TS \u2013 B500B \u2013 BE500TS \u2013 PTV 302,303 NBN A 24-301<\/a><\/p>\n<p><a href=\"https:\/\/www.thy-marcinelle.com\/wp-content\/uploads\/2025\/06\/CARES-EN-_-Thygrip-500-TS-_-B500B-_-BE500TS-_-BS4449-BS4482.pdf\" target=\"_blank\" rel=\"noopener noreferrer\">CARES: EN \u2013 Thygrip 500 TS \u2013 B500B \u2013 BE500TS \u2013 BS4449 BS4482<\/a><\/p>\n<p><a href=\"https:\/\/www.thy-marcinelle.com\/wp-content\/uploads\/2021\/04\/Certificate-KOMO-B500B.pdf\" target=\"_blank\" rel=\"noopener noreferrer\">KOMO: EN \u2013 Thygrip 500 TS \u2013 B500B \u2013 BE500TS \u2013 BRL 0501<\/a><\/p>\n<p><a href=\"https:\/\/www.thy-marcinelle.com\/wp-content\/uploads\/2025\/06\/TUM-EN-_-Thygrip-500-TS-_-B500B-_-BE500TS-_-DIN488-1-DIN488-3.pdf\" target=\"_blank\" rel=\"noopener noreferrer\">T\u00dcM: EN \u2013 Thygrip 500 TS \u2013 B500B \u2013 BE500TS \u2013 DIN488-1 DIN488-3<\/a>[\/vc_column_text][vc_column_text css=&#8221;&#8221;]<\/p>\n<h4>Vervaardiging van gelast gaas<\/h4>\n<p><a href=\"https:\/\/www.thy-marcinelle.com\/wp-content\/uploads\/2025\/06\/OCAB-NLFREN-_-B500A-_-DE500BS-_-PTV-304-NBN-A-24-301.pdf\">OCAB: NL\/FR\/EN \u2013 B500A \u2013 DE500BS \u2013 PTV 304 NBN A 24-301<\/a><\/p>\n<p><a href=\"https:\/\/www.thy-marcinelle.com\/wp-content\/uploads\/2020\/07\/ThyMarcinelle_Charleroi_KOMO_B500A_ENG.pdf\" target=\"_blank\" rel=\"noopener noreferrer\">KOMO: EN \u2013 B500A \u2013 DE500BS \u2013 NEN 6008 NEN-EN 13670 <\/a><\/p>\n<p><a href=\"https:\/\/www.thy-marcinelle.com\/wp-content\/uploads\/2025\/06\/AFCAB-FR-_-B500A-_-DE500BS-_-NF-A-35-080-2.pdf\">AFCAB: FR \u2013 B500A \u2013 DE500BS \u2013 NF A 35-080-2 <\/a><\/p>\n<p><a href=\"https:\/\/www.thy-marcinelle.com\/wp-content\/uploads\/2021\/08\/Zert2336-3-2021-THY-KM-e.pdf\" target=\"_blank\" rel=\"noopener noreferrer\">T\u00dcM: EN \u2013 B500A \u2013 DIN488-1 DIN488-4<\/a><\/p>\n<p><a href=\"https:\/\/www.thy-marcinelle.com\/wp-content\/uploads\/2025\/06\/CARES-EN-_-B500B-_-BE500TS-_-BS4449-BS4483.pdf\" target=\"_blank\" rel=\"noopener\">CARES: EN \u2013 B500B \u2013 BE500TS \u2013 BS4449 BS4483<\/a>[\/vc_column_text][\/vc_accordion_tab][\/vc_accordion][\/vc_column][\/vc_row][vc_row disable_element=&#8221;yes&#8221;][vc_column][vc_column_text]<\/p>\n<h2>Tr\u00e9fileries de Fontaine l&#8217;\u00c9v\u00eaque S.A.<\/h2>\n<p>[\/vc_column_text][vc_accordion active_tab=&#8221;1&#8243; title_size=&#8221;h3&#8243; style=&#8221;2&#8243;][vc_accordion_tab title=&#8221;Producten&#8221;][vc_column_text css=&#8221;&#8221;]<\/p>\n<h4>Vervaardiging van gelaste wapeningsnetten NBN A 24-301 en 304<\/h4>\n<p><a href=\"https:\/\/www.thy-marcinelle.com\/wp-content\/uploads\/2020\/07\/ThyMarcinelle_TFE_FontainelEveque_OCAB_NBN_A_24_301_304.pdf\" target=\"_blank\" rel=\"noopener noreferrer\">OCAB: FR &#8211; sinds 1989<\/a>[\/vc_column_text][vc_column_text css=&#8221;&#8221;]<\/p>\n<h4>Vervaardiging van staal voor gewapend beton NF A 35-080-2<\/h4>\n<p><a href=\"https:\/\/www.thy-marcinelle.com\/wp-content\/uploads\/2020\/07\/ThyMarcinelle_TFE_FontainelEveque_AFCAB_NF_A_35_016.pdf\" target=\"_blank\" rel=\"noopener noreferrer\">AFCAB: FR &#8211; depuis 1986<\/a>[\/vc_column_text][vc_column_text css=&#8221;&#8221;]<\/p>\n<h4>Vervaardiging van staal voor gewapend beton NF A 35-024<\/h4>\n<p><a href=\"https:\/\/www.thy-marcinelle.com\/wp-content\/uploads\/2020\/07\/ThyMarcinelle_TFE_FontainelEveque_AFCAB_NF_A_35_024.pdf\" target=\"_blank\" rel=\"noopener noreferrer\">AFCAB: FR &#8211; depuis 1991<\/a>[\/vc_column_text][vc_column_text css=&#8221;&#8221;]<\/p>\n<h4>Vervaardiging van staal voor gewapend beton Fe B500A<\/h4>\n<p><a href=\"https:\/\/www.thy-marcinelle.com\/wp-content\/uploads\/2020\/07\/ThyMarcinelle_TFE_FontainelEveque_KOMO.pdf\" target=\"_blank\" rel=\"noopener noreferrer\">KOMO: EN &#8211; 1\u00b0 emissione 1990<\/a>[\/vc_column_text][\/vc_accordion_tab][\/vc_accordion][\/vc_column][\/vc_row]<\/p>\n<\/div>","protected":false},"excerpt":{"rendered":"<p>[vc_row css=&#8221;.vc_custom_1589972647336{margin-bottom: 100px !important;}&#8221;][vc_column][vc_column_text css=&#8221;&#8221;] Thy-Marcinelle S.A. Sinds 2003 heeft Thy Marcinelle een kwaliteitsmanagementsysteem ge\u00efmplementeerd dat gebaseerd is op de ISO 9001-norm. Dit wordt ondersteund door de menselijke en technische middelen die worden ingezet om de constante kwaliteit van onze producten te garanderen.[\/vc_column_text][vc_accordion active_tab=&#8221;1&#8243; title_size=&#8221;h3&#8243; style=&#8221;2&#8243;][vc_accordion_tab title=&#8221;Beheersysteem&#8221;][vc_column_text css=&#8221;&#8221;] Kwaliteitsmanagementsysteem volgens BS EN ISO 9001:2015 CARES:&hellip;<\/p>\n","protected":false},"author":5,"featured_media":0,"parent":965,"menu_order":0,"comment_status":"closed","ping_status":"closed","template":"","meta":{"footnotes":""},"class_list":["post-908","page","type-page","status-publish","hentry","description-off"],"yoast_head":"<!-- This site is optimized with the Yoast SEO plugin v27.4 - https:\/\/yoast.com\/product\/yoast-seo-wordpress\/ -->\n<title>Certificeringen van de fabriek in Thy-Marcinelle<\/title>\n<meta name=\"description\" content=\"In 2003 introduceerde Thy Marcinelle een kwaliteitsmanagementsysteem gebaseerd op de ISO 9001-norm.\" \/>\n<meta name=\"robots\" content=\"index, follow, max-snippet:-1, max-image-preview:large, max-video-preview:-1\" \/>\n<link rel=\"canonical\" href=\"https:\/\/www.thy-marcinelle.com\/nl\/verantwoordelijkheid\/kwaliteit\/certificeringen\/\" \/>\n<meta property=\"og:locale\" content=\"nl_NL\" \/>\n<meta property=\"og:type\" content=\"article\" \/>\n<meta property=\"og:title\" content=\"Certificeringen van de fabriek in Thy-Marcinelle\" \/>\n<meta property=\"og:description\" content=\"In 2003 introduceerde Thy Marcinelle een kwaliteitsmanagementsysteem gebaseerd op de ISO 9001-norm.\" \/>\n<meta property=\"og:url\" content=\"https:\/\/www.thy-marcinelle.com\/nl\/verantwoordelijkheid\/kwaliteit\/certificeringen\/\" \/>\n<meta property=\"og:site_name\" content=\"Thy-Marcinelle\" \/>\n<meta property=\"article:modified_time\" content=\"2025-06-19T08:36:23+00:00\" \/>\n<meta name=\"twitter:card\" content=\"summary_large_image\" \/>\n<meta name=\"twitter:label1\" content=\"Geschatte leestijd\" \/>\n\t<meta name=\"twitter:data1\" content=\"1 minuut\" \/>\n<script type=\"application\/ld+json\" class=\"yoast-schema-graph\">{\"@context\":\"https:\\\/\\\/schema.org\",\"@graph\":[{\"@type\":\"WebPage\",\"@id\":\"https:\\\/\\\/www.thy-marcinelle.com\\\/nl\\\/verantwoordelijkheid\\\/kwaliteit\\\/certificeringen\\\/\",\"url\":\"https:\\\/\\\/www.thy-marcinelle.com\\\/nl\\\/verantwoordelijkheid\\\/kwaliteit\\\/certificeringen\\\/\",\"name\":\"Certificeringen van de fabriek in Thy-Marcinelle\",\"isPartOf\":{\"@id\":\"https:\\\/\\\/www.thy-marcinelle.com\\\/#website\"},\"datePublished\":\"2020-04-17T07:48:19+00:00\",\"dateModified\":\"2025-06-19T08:36:23+00:00\",\"description\":\"In 2003 introduceerde Thy Marcinelle een kwaliteitsmanagementsysteem gebaseerd op de ISO 9001-norm.\",\"breadcrumb\":{\"@id\":\"https:\\\/\\\/www.thy-marcinelle.com\\\/nl\\\/verantwoordelijkheid\\\/kwaliteit\\\/certificeringen\\\/#breadcrumb\"},\"inLanguage\":\"nl-NL\",\"potentialAction\":[{\"@type\":\"ReadAction\",\"target\":[\"https:\\\/\\\/www.thy-marcinelle.com\\\/nl\\\/verantwoordelijkheid\\\/kwaliteit\\\/certificeringen\\\/\"]}]},{\"@type\":\"BreadcrumbList\",\"@id\":\"https:\\\/\\\/www.thy-marcinelle.com\\\/nl\\\/verantwoordelijkheid\\\/kwaliteit\\\/certificeringen\\\/#breadcrumb\",\"itemListElement\":[{\"@type\":\"ListItem\",\"position\":1,\"name\":\"Home\",\"item\":\"https:\\\/\\\/www.thy-marcinelle.com\\\/nl\\\/\"},{\"@type\":\"ListItem\",\"position\":2,\"name\":\"Verantwoordelijkheid\",\"item\":\"https:\\\/\\\/www.thy-marcinelle.com\\\/nl\\\/verantwoordelijkheid\\\/\"},{\"@type\":\"ListItem\",\"position\":3,\"name\":\"Kwaliteit\",\"item\":\"https:\\\/\\\/www.thy-marcinelle.com\\\/nl\\\/verantwoordelijkheid\\\/kwaliteit\\\/\"},{\"@type\":\"ListItem\",\"position\":4,\"name\":\"Certificeringen\"}]},{\"@type\":\"WebSite\",\"@id\":\"https:\\\/\\\/www.thy-marcinelle.com\\\/#website\",\"url\":\"https:\\\/\\\/www.thy-marcinelle.com\\\/\",\"name\":\"Thy-Marcinelle\",\"description\":\"Groupe RIVA\",\"potentialAction\":[{\"@type\":\"SearchAction\",\"target\":{\"@type\":\"EntryPoint\",\"urlTemplate\":\"https:\\\/\\\/www.thy-marcinelle.com\\\/?s={search_term_string}\"},\"query-input\":{\"@type\":\"PropertyValueSpecification\",\"valueRequired\":true,\"valueName\":\"search_term_string\"}}],\"inLanguage\":\"nl-NL\"}]}<\/script>\n<!-- \/ Yoast SEO plugin. -->","yoast_head_json":{"title":"Certificeringen van de fabriek in Thy-Marcinelle","description":"In 2003 introduceerde Thy Marcinelle een kwaliteitsmanagementsysteem gebaseerd op de ISO 9001-norm.","robots":{"index":"index","follow":"follow","max-snippet":"max-snippet:-1","max-image-preview":"max-image-preview:large","max-video-preview":"max-video-preview:-1"},"canonical":"https:\/\/www.thy-marcinelle.com\/nl\/verantwoordelijkheid\/kwaliteit\/certificeringen\/","og_locale":"nl_NL","og_type":"article","og_title":"Certificeringen van de fabriek in Thy-Marcinelle","og_description":"In 2003 introduceerde Thy Marcinelle een kwaliteitsmanagementsysteem gebaseerd op de ISO 9001-norm.","og_url":"https:\/\/www.thy-marcinelle.com\/nl\/verantwoordelijkheid\/kwaliteit\/certificeringen\/","og_site_name":"Thy-Marcinelle","article_modified_time":"2025-06-19T08:36:23+00:00","twitter_card":"summary_large_image","twitter_misc":{"Geschatte leestijd":"1 minuut"},"schema":{"@context":"https:\/\/schema.org","@graph":[{"@type":"WebPage","@id":"https:\/\/www.thy-marcinelle.com\/nl\/verantwoordelijkheid\/kwaliteit\/certificeringen\/","url":"https:\/\/www.thy-marcinelle.com\/nl\/verantwoordelijkheid\/kwaliteit\/certificeringen\/","name":"Certificeringen van de fabriek in Thy-Marcinelle","isPartOf":{"@id":"https:\/\/www.thy-marcinelle.com\/#website"},"datePublished":"2020-04-17T07:48:19+00:00","dateModified":"2025-06-19T08:36:23+00:00","description":"In 2003 introduceerde Thy Marcinelle een kwaliteitsmanagementsysteem gebaseerd op de ISO 9001-norm.","breadcrumb":{"@id":"https:\/\/www.thy-marcinelle.com\/nl\/verantwoordelijkheid\/kwaliteit\/certificeringen\/#breadcrumb"},"inLanguage":"nl-NL","potentialAction":[{"@type":"ReadAction","target":["https:\/\/www.thy-marcinelle.com\/nl\/verantwoordelijkheid\/kwaliteit\/certificeringen\/"]}]},{"@type":"BreadcrumbList","@id":"https:\/\/www.thy-marcinelle.com\/nl\/verantwoordelijkheid\/kwaliteit\/certificeringen\/#breadcrumb","itemListElement":[{"@type":"ListItem","position":1,"name":"Home","item":"https:\/\/www.thy-marcinelle.com\/nl\/"},{"@type":"ListItem","position":2,"name":"Verantwoordelijkheid","item":"https:\/\/www.thy-marcinelle.com\/nl\/verantwoordelijkheid\/"},{"@type":"ListItem","position":3,"name":"Kwaliteit","item":"https:\/\/www.thy-marcinelle.com\/nl\/verantwoordelijkheid\/kwaliteit\/"},{"@type":"ListItem","position":4,"name":"Certificeringen"}]},{"@type":"WebSite","@id":"https:\/\/www.thy-marcinelle.com\/#website","url":"https:\/\/www.thy-marcinelle.com\/","name":"Thy-Marcinelle","description":"Groupe RIVA","potentialAction":[{"@type":"SearchAction","target":{"@type":"EntryPoint","urlTemplate":"https:\/\/www.thy-marcinelle.com\/?s={search_term_string}"},"query-input":{"@type":"PropertyValueSpecification","valueRequired":true,"valueName":"search_term_string"}}],"inLanguage":"nl-NL"}]}},"_links":{"self":[{"href":"https:\/\/www.thy-marcinelle.com\/nl\/wp-json\/wp\/v2\/pages\/908","targetHints":{"allow":["GET"]}}],"collection":[{"href":"https:\/\/www.thy-marcinelle.com\/nl\/wp-json\/wp\/v2\/pages"}],"about":[{"href":"https:\/\/www.thy-marcinelle.com\/nl\/wp-json\/wp\/v2\/types\/page"}],"author":[{"embeddable":true,"href":"https:\/\/www.thy-marcinelle.com\/nl\/wp-json\/wp\/v2\/users\/5"}],"replies":[{"embeddable":true,"href":"https:\/\/www.thy-marcinelle.com\/nl\/wp-json\/wp\/v2\/comments?post=908"}],"version-history":[{"count":19,"href":"https:\/\/www.thy-marcinelle.com\/nl\/wp-json\/wp\/v2\/pages\/908\/revisions"}],"predecessor-version":[{"id":4884,"href":"https:\/\/www.thy-marcinelle.com\/nl\/wp-json\/wp\/v2\/pages\/908\/revisions\/4884"}],"up":[{"embeddable":true,"href":"https:\/\/www.thy-marcinelle.com\/nl\/wp-json\/wp\/v2\/pages\/965"}],"wp:attachment":[{"href":"https:\/\/www.thy-marcinelle.com\/nl\/wp-json\/wp\/v2\/media?parent=908"}],"curies":[{"name":"wp","href":"https:\/\/api.w.org\/{rel}","templated":true}]}}